{"id":234,"date":"2024-03-27T20:39:47","date_gmt":"2024-03-27T20:39:47","guid":{"rendered":"https:\/\/domimobilia.com.br\/nossa-historia\/"},"modified":"2024-03-28T05:00:58","modified_gmt":"2024-03-28T05:00:58","slug":"sobre","status":"publish","type":"page","link":"https:\/\/domimobilia.com.br\/es\/sobre\/","title":{"rendered":"Nuestra Historia"},"content":{"rendered":"<div data-elementor-type=\"wp-page\" data-elementor-id=\"234\" class=\"elementor elementor-234\" data-elementor-post-type=\"page\">\n\t\t\t\t\t\t<section class=\"elementor-section elementor-top-section elementor-element elementor-element-2ac5a156 elementor-section-height-min-height elementor-section-boxed elementor-section-height-default elementor-section-items-middle\" data-id=\"2ac5a156\" data-element_type=\"section\" data-settings=\"{&quot;background_background&quot;:&quot;classic&quot;}\">\n\t\t\t\t\t\t\t<div class=\"elementor-background-overlay\"><\/div>\n\t\t\t\t\t\t\t<div class=\"elementor-container elementor-column-gap-default\">\n\t\t\t\t\t<div class=\"elementor-column elementor-col-100 elementor-top-column elementor-element elementor-element-2a103dda\" data-id=\"2a103dda\" data-element_type=\"column\">\n\t\t\t<div class=\"elementor-widget-wrap elementor-element-populated\">\n\t\t\t\t\t\t<div class=\"elementor-element elementor-element-2bcf2ff9 de_scroll_animation_no elementor-invisible elementor-widget elementor-widget-heading\" data-id=\"2bcf2ff9\" data-element_type=\"widget\" data-settings=\"{&quot;_animation&quot;:&quot;fadeIn&quot;}\" data-widget_type=\"heading.default\">\n\t\t\t\t<div class=\"elementor-widget-container\">\n\t\t\t\t\t<h2 class=\"elementor-heading-title elementor-size-default\">Nuestra Historia<\/h2>\t\t\t\t<\/div>\n\t\t\t\t<\/div>\n\t\t\t\t<div class=\"elementor-element elementor-element-1862a596 elementor-icon-list--layout-inline elementor-align-center elementor-list-item-link-full_width de_scroll_animation_no elementor-invisible elementor-widget elementor-widget-icon-list\" data-id=\"1862a596\" data-element_type=\"widget\" data-settings=\"{&quot;_animation&quot;:&quot;fadeIn&quot;,&quot;_animation_delay&quot;:200}\" data-widget_type=\"icon-list.default\">\n\t\t\t\t<div class=\"elementor-widget-container\">\n\t\t\t\t\t\t\t<ul class=\"elementor-icon-list-items elementor-inline-items\">\n\t\t\t\t\t\t\t<li class=\"elementor-icon-list-item elementor-inline-item\">\n\t\t\t\t\t\t\t\t\t\t\t<a href=\"#\">\n\n\t\t\t\t\t\t\t\t\t\t\t<span class=\"elementor-icon-list-text\">Home<\/span>\n\t\t\t\t\t\t\t\t\t\t\t<\/a>\n\t\t\t\t\t\t\t\t\t<\/li>\n\t\t\t\t\t\t\t\t<li class=\"elementor-icon-list-item elementor-inline-item\">\n\t\t\t\t\t\t\t\t\t\t\t<span class=\"elementor-icon-list-icon\">\n\t\t\t\t\t\t\t<i aria-hidden=\"true\" class=\"icon icon-right-arrow1\"><\/i>\t\t\t\t\t\t<\/span>\n\t\t\t\t\t\t\t\t\t\t<span class=\"elementor-icon-list-text\">Sobre<\/span>\n\t\t\t\t\t\t\t\t\t<\/li>\n\t\t\t\t\t\t<\/ul>\n\t\t\t\t\t\t<\/div>\n\t\t\t\t<\/div>\n\t\t\t\t\t<\/div>\n\t\t<\/div>\n\t\t\t\t\t<\/div>\n\t\t<\/section>\n\t\t\t\t<section class=\"elementor-section elementor-top-section elementor-element elementor-element-366814a0 elementor-section-boxed elementor-section-height-default elementor-section-height-default\" data-id=\"366814a0\" data-element_type=\"section\">\n\t\t\t\t\t\t<div class=\"elementor-container elementor-column-gap-default\">\n\t\t\t\t\t<div class=\"elementor-column elementor-col-50 elementor-top-column elementor-element elementor-element-4458e951\" data-id=\"4458e951\" data-element_type=\"column\">\n\t\t\t<div class=\"elementor-widget-wrap elementor-element-populated\">\n\t\t\t\t\t\t<div class=\"elementor-element elementor-element-5955841d de_scroll_animation_no elementor-invisible elementor-widget elementor-widget-image\" data-id=\"5955841d\" data-element_type=\"widget\" data-settings=\"{&quot;_animation&quot;:&quot;fadeIn&quot;,&quot;_animation_delay&quot;:200}\" data-widget_type=\"image.default\">\n\t\t\t\t<div class=\"elementor-widget-container\">\n\t\t\t\t\t\t\t\t\t\t\t\t\t\t\t<img fetchpriority=\"high\" decoding=\"async\" width=\"800\" height=\"800\" src=\"https:\/\/domimobilia.com.br\/wp-content\/uploads\/2024\/03\/box_Asset-2-3-1-1024x1024.png\" class=\"attachment-large size-large wp-image-384\" alt=\"\" srcset=\"https:\/\/domimobilia.com.br\/wp-content\/uploads\/2024\/03\/box_Asset-2-3-1-1024x1024.png 1024w, https:\/\/domimobilia.com.br\/wp-content\/uploads\/2024\/03\/box_Asset-2-3-1-300x300.png 300w, https:\/\/domimobilia.com.br\/wp-content\/uploads\/2024\/03\/box_Asset-2-3-1-150x150.png 150w, https:\/\/domimobilia.com.br\/wp-content\/uploads\/2024\/03\/box_Asset-2-3-1-768x768.png 768w, https:\/\/domimobilia.com.br\/wp-content\/uploads\/2024\/03\/box_Asset-2-3-1.png 1500w\" sizes=\"(max-width: 800px) 100vw, 800px\" \/>\t\t\t\t\t\t\t\t\t\t\t\t\t\t\t<\/div>\n\t\t\t\t<\/div>\n\t\t\t\t<div class=\"elementor-element elementor-element-646da8ee de_scroll_animation_no elementor-invisible elementor-widget elementor-widget-image\" data-id=\"646da8ee\" data-element_type=\"widget\" data-settings=\"{&quot;_animation&quot;:&quot;fadeIn&quot;}\" data-widget_type=\"image.default\">\n\t\t\t\t<div class=\"elementor-widget-container\">\n\t\t\t\t\t\t\t\t\t\t\t\t\t\t\t<img decoding=\"async\" width=\"764\" height=\"1024\" src=\"https:\/\/domimobilia.com.br\/wp-content\/uploads\/2024\/03\/domi-estofados-linha-argus-chaise-2-e1711602018325-764x1024.webp\" class=\"attachment-large size-large wp-image-653\" alt=\"\" srcset=\"https:\/\/domimobilia.com.br\/wp-content\/uploads\/2024\/03\/domi-estofados-linha-argus-chaise-2-e1711602018325-764x1024.webp 764w, https:\/\/domimobilia.com.br\/wp-content\/uploads\/2024\/03\/domi-estofados-linha-argus-chaise-2-e1711602018325-224x300.webp 224w, https:\/\/domimobilia.com.br\/wp-content\/uploads\/2024\/03\/domi-estofados-linha-argus-chaise-2-e1711602018325-768x1029.webp 768w, https:\/\/domimobilia.com.br\/wp-content\/uploads\/2024\/03\/domi-estofados-linha-argus-chaise-2-e1711602018325-1146x1536.webp 1146w, https:\/\/domimobilia.com.br\/wp-content\/uploads\/2024\/03\/domi-estofados-linha-argus-chaise-2-e1711602018325.webp 1333w\" sizes=\"(max-width: 764px) 100vw, 764px\" \/>\t\t\t\t\t\t\t\t\t\t\t\t\t\t\t<\/div>\n\t\t\t\t<\/div>\n\t\t\t\t<div class=\"elementor-element elementor-element-1db766ab de_scroll_animation_no elementor-invisible elementor-widget elementor-widget-image\" data-id=\"1db766ab\" data-element_type=\"widget\" data-settings=\"{&quot;_animation&quot;:&quot;fadeIn&quot;,&quot;_animation_delay&quot;:400}\" data-widget_type=\"image.default\">\n\t\t\t\t<div class=\"elementor-widget-container\">\n\t\t\t\t\t\t\t\t\t\t\t\t\t\t\t<img decoding=\"async\" width=\"800\" height=\"800\" src=\"https:\/\/domimobilia.com.br\/wp-content\/uploads\/2024\/03\/box_Asset-3-3-1024x1024.png\" class=\"attachment-large size-large wp-image-386\" alt=\"\" srcset=\"https:\/\/domimobilia.com.br\/wp-content\/uploads\/2024\/03\/box_Asset-3-3-1024x1024.png 1024w, https:\/\/domimobilia.com.br\/wp-content\/uploads\/2024\/03\/box_Asset-3-3-300x300.png 300w, https:\/\/domimobilia.com.br\/wp-content\/uploads\/2024\/03\/box_Asset-3-3-150x150.png 150w, https:\/\/domimobilia.com.br\/wp-content\/uploads\/2024\/03\/box_Asset-3-3-768x768.png 768w, https:\/\/domimobilia.com.br\/wp-content\/uploads\/2024\/03\/box_Asset-3-3.png 1500w\" sizes=\"(max-width: 800px) 100vw, 800px\" \/>\t\t\t\t\t\t\t\t\t\t\t\t\t\t\t<\/div>\n\t\t\t\t<\/div>\n\t\t\t\t\t<\/div>\n\t\t<\/div>\n\t\t\t\t<div class=\"elementor-column elementor-col-50 elementor-top-column elementor-element elementor-element-ad9372c\" data-id=\"ad9372c\" data-element_type=\"column\">\n\t\t\t<div class=\"elementor-widget-wrap elementor-element-populated\">\n\t\t\t\t\t\t<div class=\"elementor-element elementor-element-7e96f46 de_scroll_animation_no elementor-invisible elementor-widget elementor-widget-text-editor\" data-id=\"7e96f46\" data-element_type=\"widget\" data-settings=\"{&quot;_animation&quot;:&quot;fadeIn&quot;}\" data-widget_type=\"text-editor.default\">\n\t\t\t\t<div class=\"elementor-widget-container\">\n\t\t\t\t\t\t\t\t\t<p>NUESTRA HISTORIA<\/p>\t\t\t\t\t\t\t\t<\/div>\n\t\t\t\t<\/div>\n\t\t\t\t<div class=\"elementor-element elementor-element-10cce7f7 elementor-widget__width-initial elementor-widget-tablet__width-initial elementor-widget-mobile__width-initial de_scroll_animation_no elementor-invisible elementor-widget elementor-widget-heading\" data-id=\"10cce7f7\" data-element_type=\"widget\" data-settings=\"{&quot;_animation&quot;:&quot;fadeIn&quot;,&quot;_animation_delay&quot;:200}\" data-widget_type=\"heading.default\">\n\t\t\t\t<div class=\"elementor-widget-container\">\n\t\t\t\t\t<h2 class=\"elementor-heading-title elementor-size-default\">Excelencia y tradici\u00f3n en tapicer\u00eda desde hace m\u00e1s de tres d\u00e9cadas<\/h2>\t\t\t\t<\/div>\n\t\t\t\t<\/div>\n\t\t\t\t<div class=\"elementor-element elementor-element-5e6fb663 de_scroll_animation_no elementor-widget elementor-widget-text-editor\" data-id=\"5e6fb663\" data-element_type=\"widget\" data-widget_type=\"text-editor.default\">\n\t\t\t\t<div class=\"elementor-widget-container\">\n\t\t\t\t\t\t\t\t\t<p>Creemos que cada mueble que producimos tiene el poder de crear una nueva historia al convertirse en parte de la vida de nuestros clientes.<\/p><p><span style=\"color: var( --e-global-color-text ); font-family: var( --e-global-typography-text-font-family ), Sans-serif; font-size: var( --e-global-typography-text-font-size ); font-weight: var( --e-global-typography-text-font-weight ); text-transform: var( --e-global-typography-text-text-transform );\">Desde 1991, nuestra empresa ha ido transformando su historia en la b\u00fasqueda de la autenticidad y la excelencia en el tapizado, valorando siempre al m\u00e1ximo el talento de cada miembro del equipo que refuerza diariamente nuestra tradici\u00f3n.<\/span><\/p><p>Estamos presentes en las principales ferias que son referentes en Latinoam\u00e9rica, como\u00a0<span style=\"font-family: var( --e-global-typography-text-font-family ), Sans-serif; font-size: var( --e-global-typography-text-font-size ); font-weight: var( --e-global-typography-text-font-weight ); text-transform: var( --e-global-typography-text-text-transform ); color: var( --e-global-color-text );\">ABIMAD (Asociaci\u00f3n Brasile\u00f1a de Industrias del Mobiliario de Alta Decoraci\u00f3n) y varias otras exposiciones nacionales e internacionales.<\/span><\/p><p class=\"translation-block\">Adem\u00e1s, en t\u00e9rminos de responsabilidad ambiental, la empresa cuenta con el Sello FSC y forma parte del Proyecto Simflor, una iniciativa, junto con otros fabricantes de muebles, de reforestaci\u00f3n sostenible que abarca 500 hect\u00e1reas en el Norte de Paran\u00e1.<\/p>\t\t\t\t\t\t\t\t<\/div>\n\t\t\t\t<\/div>\n\t\t\t\t\t<\/div>\n\t\t<\/div>\n\t\t\t\t\t<\/div>\n\t\t<\/section>\n\t\t\t\t<section class=\"elementor-section elementor-top-section elementor-element elementor-element-1c5080fc elementor-section-boxed elementor-section-height-default elementor-section-height-default\" data-id=\"1c5080fc\" data-element_type=\"section\" data-settings=\"{&quot;background_background&quot;:&quot;classic&quot;}\">\n\t\t\t\t\t\t<div class=\"elementor-container elementor-column-gap-default\">\n\t\t\t\t\t<div class=\"elementor-column elementor-col-50 elementor-top-column elementor-element elementor-element-12c8c77a\" data-id=\"12c8c77a\" data-element_type=\"column\">\n\t\t\t<div class=\"elementor-widget-wrap elementor-element-populated\">\n\t\t\t\t\t\t<div class=\"elementor-element elementor-element-e6a22f de_scroll_animation_no elementor-invisible elementor-widget elementor-widget-text-editor\" data-id=\"e6a22f\" data-element_type=\"widget\" data-settings=\"{&quot;_animation&quot;:&quot;fadeIn&quot;}\" data-widget_type=\"text-editor.default\">\n\t\t\t\t<div class=\"elementor-widget-container\">\n\t\t\t\t\t\t\t\t\t<p>Nuestra Essencia<\/p>\t\t\t\t\t\t\t\t<\/div>\n\t\t\t\t<\/div>\n\t\t\t\t<div class=\"elementor-element elementor-element-3f8e221c elementor-widget__width-initial de_scroll_animation_no elementor-invisible elementor-widget elementor-widget-heading\" data-id=\"3f8e221c\" data-element_type=\"widget\" data-settings=\"{&quot;_animation&quot;:&quot;fadeIn&quot;,&quot;_animation_delay&quot;:200}\" data-widget_type=\"heading.default\">\n\t\t\t\t<div class=\"elementor-widget-container\">\n\t\t\t\t\t<h2 class=\"elementor-heading-title elementor-size-default\">Mucho m\u00e1s que tapicer\u00eda de alto nivel<\/h2>\t\t\t\t<\/div>\n\t\t\t\t<\/div>\n\t\t\t\t\t<\/div>\n\t\t<\/div>\n\t\t\t\t<div class=\"elementor-column elementor-col-25 elementor-top-column elementor-element elementor-element-497e2ac7 elementor-invisible\" data-id=\"497e2ac7\" data-element_type=\"column\" data-settings=\"{&quot;animation&quot;:&quot;fadeIn&quot;,&quot;animation_delay&quot;:400}\">\n\t\t\t<div class=\"elementor-widget-wrap elementor-element-populated\">\n\t\t\t\t\t\t<div class=\"elementor-element elementor-element-6e57bfdd de_scroll_animation_no elementor-widget elementor-widget-heading\" data-id=\"6e57bfdd\" data-element_type=\"widget\" data-widget_type=\"heading.default\">\n\t\t\t\t<div class=\"elementor-widget-container\">\n\t\t\t\t\t<h5 class=\"elementor-heading-title elementor-size-default\">Visi\u00f3n<\/h5>\t\t\t\t<\/div>\n\t\t\t\t<\/div>\n\t\t\t\t<div class=\"elementor-element elementor-element-621a958f de_scroll_animation_no elementor-widget elementor-widget-text-editor\" data-id=\"621a958f\" data-element_type=\"widget\" data-widget_type=\"text-editor.default\">\n\t\t\t\t<div class=\"elementor-widget-container\">\n\t\t\t\t\t\t\t\t\t<p>Creemos que cada mueble que producimos tiene el poder de crear una nueva historia al convertirse en parte de la vida de nuestros clientes. Por eso buscamos lo \u00faltimo en tecnolog\u00eda.<\/p>\t\t\t\t\t\t\t\t<\/div>\n\t\t\t\t<\/div>\n\t\t\t\t\t<\/div>\n\t\t<\/div>\n\t\t\t\t<div class=\"elementor-column elementor-col-25 elementor-top-column elementor-element elementor-element-637c70ac elementor-invisible\" data-id=\"637c70ac\" data-element_type=\"column\" data-settings=\"{&quot;animation&quot;:&quot;fadeIn&quot;,&quot;animation_delay&quot;:600}\">\n\t\t\t<div class=\"elementor-widget-wrap elementor-element-populated\">\n\t\t\t\t\t\t<div class=\"elementor-element elementor-element-3d87751f de_scroll_animation_no elementor-widget elementor-widget-heading\" data-id=\"3d87751f\" data-element_type=\"widget\" data-widget_type=\"heading.default\">\n\t\t\t\t<div class=\"elementor-widget-container\">\n\t\t\t\t\t<h5 class=\"elementor-heading-title elementor-size-default\">Misi\u00f3n<\/h5>\t\t\t\t<\/div>\n\t\t\t\t<\/div>\n\t\t\t\t<div class=\"elementor-element elementor-element-7d8bec9a de_scroll_animation_no elementor-widget elementor-widget-text-editor\" data-id=\"7d8bec9a\" data-element_type=\"widget\" data-widget_type=\"text-editor.default\">\n\t\t\t\t<div class=\"elementor-widget-container\">\n\t\t\t\t\t\t\t\t\t<p>La b\u00fasqueda constante de la autenticidad y la excelencia, valorando al m\u00e1ximo el talento de cada miembro del equipo y ofreciendo lo mejor y m\u00e1s sofisticado en tapizados.<\/p>\t\t\t\t\t\t\t\t<\/div>\n\t\t\t\t<\/div>\n\t\t\t\t\t<\/div>\n\t\t<\/div>\n\t\t\t\t\t<\/div>\n\t\t<\/section>\n\t\t\t\t<section class=\"elementor-section elementor-top-section elementor-element elementor-element-7b35af4 elementor-section-height-full elementor-section-boxed elementor-section-height-default elementor-section-items-middle\" data-id=\"7b35af4\" data-element_type=\"section\" data-settings=\"{&quot;background_background&quot;:&quot;classic&quot;}\">\n\t\t\t\t\t\t<div class=\"elementor-container elementor-column-gap-default\">\n\t\t\t\t\t<div class=\"elementor-column elementor-col-100 elementor-top-column elementor-element elementor-element-4c0117f elementor-invisible\" data-id=\"4c0117f\" data-element_type=\"column\" data-settings=\"{&quot;background_background&quot;:&quot;classic&quot;,&quot;animation&quot;:&quot;fadeIn&quot;}\">\n\t\t\t<div class=\"elementor-widget-wrap elementor-element-populated\">\n\t\t\t\t\t\t<div class=\"elementor-element elementor-element-7f42f09 de_scroll_animation_no elementor-widget elementor-widget-image\" data-id=\"7f42f09\" data-element_type=\"widget\" data-widget_type=\"image.default\">\n\t\t\t\t<div class=\"elementor-widget-container\">\n\t\t\t\t\t\t\t\t\t\t\t\t\t\t\t<img loading=\"lazy\" decoding=\"async\" width=\"150\" height=\"150\" src=\"https:\/\/domimobilia.com.br\/wp-content\/uploads\/2024\/03\/Domi-Estofados-Favicon-150x150.webp\" class=\"attachment-thumbnail size-thumbnail wp-image-363\" alt=\"\" srcset=\"https:\/\/domimobilia.com.br\/wp-content\/uploads\/2024\/03\/Domi-Estofados-Favicon-150x150.webp 150w, https:\/\/domimobilia.com.br\/wp-content\/uploads\/2024\/03\/Domi-Estofados-Favicon-300x300.webp 300w, https:\/\/domimobilia.com.br\/wp-content\/uploads\/2024\/03\/Domi-Estofados-Favicon-1021x1024.webp 1021w, https:\/\/domimobilia.com.br\/wp-content\/uploads\/2024\/03\/Domi-Estofados-Favicon-768x770.webp 768w, https:\/\/domimobilia.com.br\/wp-content\/uploads\/2024\/03\/Domi-Estofados-Favicon.webp 1438w\" sizes=\"(max-width: 150px) 100vw, 150px\" \/>\t\t\t\t\t\t\t\t\t\t\t\t\t\t\t<\/div>\n\t\t\t\t<\/div>\n\t\t\t\t<div class=\"elementor-element elementor-element-361c480 de_scroll_animation_no elementor-widget elementor-widget-text-editor\" data-id=\"361c480\" data-element_type=\"widget\" data-widget_type=\"text-editor.default\">\n\t\t\t\t<div class=\"elementor-widget-container\">\n\t\t\t\t\t\t\t\t\t<p>DOMI MOBILIARIO<\/p>\t\t\t\t\t\t\t\t<\/div>\n\t\t\t\t<\/div>\n\t\t\t\t<div class=\"elementor-element elementor-element-7bd1be6 de_scroll_animation_no elementor-widget elementor-widget-heading\" data-id=\"7bd1be6\" data-element_type=\"widget\" data-widget_type=\"heading.default\">\n\t\t\t\t<div class=\"elementor-widget-container\">\n\t\t\t\t\t<h2 class=\"elementor-heading-title elementor-size-default\">Design, Confort<br>y Sofisticaci\u00f3n<\/h2>\t\t\t\t<\/div>\n\t\t\t\t<\/div>\n\t\t\t\t<div class=\"elementor-element elementor-element-56fb163 elementor-widget-divider--view-line de_scroll_animation_no elementor-invisible elementor-widget elementor-widget-divider\" data-id=\"56fb163\" data-element_type=\"widget\" data-settings=\"{&quot;_animation&quot;:&quot;fadeIn&quot;,&quot;_animation_delay&quot;:500}\" data-widget_type=\"divider.default\">\n\t\t\t\t<div class=\"elementor-widget-container\">\n\t\t\t\t\t\t\t<div class=\"elementor-divider\">\n\t\t\t<span class=\"elementor-divider-separator\">\n\t\t\t\t\t\t<\/span>\n\t\t<\/div>\n\t\t\t\t\t\t<\/div>\n\t\t\t\t<\/div>\n\t\t\t\t<div class=\"elementor-element elementor-element-2be3cc0 de_scroll_animation_no elementor-widget elementor-widget-text-editor\" data-id=\"2be3cc0\" data-element_type=\"widget\" data-widget_type=\"text-editor.default\">\n\t\t\t\t<div class=\"elementor-widget-container\">\n\t\t\t\t\t\t\t\t\t<p>Desde las l\u00edneas iniciales de cada idea, hasta la fabricaci\u00f3n de cada mueble, estamos en constante b\u00fasqueda de la autenticidad y sofisticaci\u00f3n de los detalles de cada pieza. Marcados por mucho esfuerzo de todos los involucrados, evolucionamos d\u00eda tras d\u00eda para llegar a la \u00faltima tecnolog\u00eda.<\/p>\t\t\t\t\t\t\t\t<\/div>\n\t\t\t\t<\/div>\n\t\t\t\t<div class=\"elementor-element elementor-element-722b861 elementor-align-left elementor-mobile-align-left de_scroll_animation_no elementor-invisible elementor-widget elementor-widget-button\" data-id=\"722b861\" data-element_type=\"widget\" data-settings=\"{&quot;_animation&quot;:&quot;fadeIn&quot;,&quot;_animation_delay&quot;:400}\" data-widget_type=\"button.default\">\n\t\t\t\t<div class=\"elementor-widget-container\">\n\t\t\t\t\t\t\t\t\t<div class=\"elementor-button-wrapper\">\n\t\t\t\t\t<a class=\"elementor-button elementor-button-link elementor-size-sm\" href=\"https:\/\/domimobilia.com.br\/es\/catalogo\/\">\n\t\t\t\t\t\t<span class=\"elementor-button-content-wrapper\">\n\t\t\t\t\t\t\t\t\t<span class=\"elementor-button-text\">ACCEDER AL CAT\u00c1LOGO<\/span>\n\t\t\t\t\t<\/span>\n\t\t\t\t\t<\/a>\n\t\t\t\t<\/div>\n\t\t\t\t\t\t\t\t<\/div>\n\t\t\t\t<\/div>\n\t\t\t\t\t<\/div>\n\t\t<\/div>\n\t\t\t\t\t<\/div>\n\t\t<\/section>\n\t\t\t\t<\/div>","protected":false},"excerpt":{"rendered":"<p>Nossa Hist\u00f3ria Home Sobre nossa hist\u00f3ria Excel\u00eancia e tradi\u00e7\u00e3o em estofados por mais de tr\u00eas d\u00e9cadas Acreditamos que cada mobili\u00e1rio que produzimos tem o poder de criar uma nova hist\u00f3ria ao fazer parte da vida de nossos clientes. Desde 1991 a nossa empresa vem transformando sua hist\u00f3ria na busca pela autenticidade e excel\u00eancia em estofados, [&hellip;]<\/p>","protected":false},"author":1,"featured_media":0,"parent":0,"menu_order":0,"comment_status":"closed","ping_status":"closed","template":"elementor_header_footer","meta":{"_joinchat":[],"footnotes":""},"class_list":["post-234","page","type-page","status-publish","hentry"],"_links":{"self":[{"href":"https:\/\/domimobilia.com.br\/es\/wp-json\/wp\/v2\/pages\/234","targetHints":{"allow":["GET"]}}],"collection":[{"href":"https:\/\/domimobilia.com.br\/es\/wp-json\/wp\/v2\/pages"}],"about":[{"href":"https:\/\/domimobilia.com.br\/es\/wp-json\/wp\/v2\/types\/page"}],"author":[{"embeddable":true,"href":"https:\/\/domimobilia.com.br\/es\/wp-json\/wp\/v2\/users\/1"}],"replies":[{"embeddable":true,"href":"https:\/\/domimobilia.com.br\/es\/wp-json\/wp\/v2\/comments?post=234"}],"version-history":[{"count":0,"href":"https:\/\/domimobilia.com.br\/es\/wp-json\/wp\/v2\/pages\/234\/revisions"}],"wp:attachment":[{"href":"https:\/\/domimobilia.com.br\/es\/wp-json\/wp\/v2\/media?parent=234"}],"curies":[{"name":"wp","href":"https:\/\/api.w.org\/{rel}","templated":true}]}}