{"id":249,"date":"2024-03-27T20:39:50","date_gmt":"2024-03-27T20:39:50","guid":{"rendered":"https:\/\/domimobilia.com.br\/estudio-oune\/"},"modified":"2024-05-05T22:54:25","modified_gmt":"2024-05-05T22:54:25","slug":"estudiooune","status":"publish","type":"page","link":"https:\/\/domimobilia.com.br\/en\/designers\/estudiooune\/","title":{"rendered":"Est\u00fadio Oune"},"content":{"rendered":"<div data-elementor-type=\"wp-page\" data-elementor-id=\"249\" class=\"elementor elementor-249\" data-elementor-post-type=\"page\">\n\t\t\t\t\t\t<section class=\"elementor-section elementor-top-section elementor-element elementor-element-70d01229 elementor-section-height-min-height elementor-section-boxed elementor-section-height-default elementor-section-items-middle\" data-id=\"70d01229\" data-element_type=\"section\" data-settings=\"{&quot;background_background&quot;:&quot;classic&quot;}\">\n\t\t\t\t\t\t\t<div class=\"elementor-background-overlay\"><\/div>\n\t\t\t\t\t\t\t<div class=\"elementor-container elementor-column-gap-default\">\n\t\t\t\t\t<div class=\"elementor-column elementor-col-100 elementor-top-column elementor-element elementor-element-1aee4d84\" data-id=\"1aee4d84\" data-element_type=\"column\">\n\t\t\t<div class=\"elementor-widget-wrap elementor-element-populated\">\n\t\t\t\t\t\t<div class=\"elementor-element elementor-element-43774117 de_scroll_animation_no elementor-invisible elementor-widget elementor-widget-heading\" data-id=\"43774117\" data-element_type=\"widget\" data-settings=\"{&quot;_animation&quot;:&quot;fadeIn&quot;}\" data-widget_type=\"heading.default\">\n\t\t\t\t<div class=\"elementor-widget-container\">\n\t\t\t\t\t<h2 class=\"elementor-heading-title elementor-size-default\">Est\u00fadio Oune<\/h2>\t\t\t\t<\/div>\n\t\t\t\t<\/div>\n\t\t\t\t<div class=\"elementor-element elementor-element-a4e2c5e elementor-icon-list--layout-inline elementor-align-center elementor-list-item-link-full_width de_scroll_animation_no elementor-invisible elementor-widget elementor-widget-icon-list\" data-id=\"a4e2c5e\" data-element_type=\"widget\" data-settings=\"{&quot;_animation&quot;:&quot;fadeIn&quot;,&quot;_animation_delay&quot;:200}\" data-widget_type=\"icon-list.default\">\n\t\t\t\t<div class=\"elementor-widget-container\">\n\t\t\t\t\t\t\t<ul class=\"elementor-icon-list-items elementor-inline-items\">\n\t\t\t\t\t\t\t<li class=\"elementor-icon-list-item elementor-inline-item\">\n\t\t\t\t\t\t\t\t\t\t\t<a href=\"#\">\n\n\t\t\t\t\t\t\t\t\t\t\t<span class=\"elementor-icon-list-text\">Home<\/span>\n\t\t\t\t\t\t\t\t\t\t\t<\/a>\n\t\t\t\t\t\t\t\t\t<\/li>\n\t\t\t\t\t\t\t\t<li class=\"elementor-icon-list-item elementor-inline-item\">\n\t\t\t\t\t\t\t\t\t\t\t<span class=\"elementor-icon-list-icon\">\n\t\t\t\t\t\t\t<i aria-hidden=\"true\" class=\"icon icon-right-arrow1\"><\/i>\t\t\t\t\t\t<\/span>\n\t\t\t\t\t\t\t\t\t\t<span class=\"elementor-icon-list-text\">Designers<\/span>\n\t\t\t\t\t\t\t\t\t<\/li>\n\t\t\t\t\t\t<\/ul>\n\t\t\t\t\t\t<\/div>\n\t\t\t\t<\/div>\n\t\t\t\t\t<\/div>\n\t\t<\/div>\n\t\t\t\t\t<\/div>\n\t\t<\/section>\n\t\t\t\t<section class=\"elementor-section elementor-top-section elementor-element elementor-element-2e7d13f3 elementor-section-boxed elementor-section-height-default elementor-section-height-default\" data-id=\"2e7d13f3\" data-element_type=\"section\">\n\t\t\t\t\t\t<div class=\"elementor-container elementor-column-gap-default\">\n\t\t\t\t\t<div class=\"elementor-column elementor-col-50 elementor-top-column elementor-element elementor-element-26ef161\" data-id=\"26ef161\" data-element_type=\"column\">\n\t\t\t<div class=\"elementor-widget-wrap elementor-element-populated\">\n\t\t\t\t\t\t<div class=\"elementor-element elementor-element-7fbc89c5 de_scroll_animation_no elementor-invisible elementor-widget elementor-widget-image\" data-id=\"7fbc89c5\" data-element_type=\"widget\" data-settings=\"{&quot;_animation&quot;:&quot;fadeIn&quot;}\" data-widget_type=\"image.default\">\n\t\t\t\t<div class=\"elementor-widget-container\">\n\t\t\t\t\t\t\t\t\t\t\t\t\t\t\t<img fetchpriority=\"high\" decoding=\"async\" width=\"800\" height=\"1009\" src=\"https:\/\/domimobilia.com.br\/wp-content\/uploads\/2024\/03\/Estudio-Oune-qb6tavt0phpdli5vh1djf301adn5q9kha7b8ofrezk-812x1024.webp\" class=\"attachment-large size-large wp-image-152\" alt=\"\" srcset=\"https:\/\/domimobilia.com.br\/wp-content\/uploads\/2024\/03\/Estudio-Oune-qb6tavt0phpdli5vh1djf301adn5q9kha7b8ofrezk-812x1024.webp 812w, https:\/\/domimobilia.com.br\/wp-content\/uploads\/2024\/03\/Estudio-Oune-qb6tavt0phpdli5vh1djf301adn5q9kha7b8ofrezk-238x300.webp 238w, https:\/\/domimobilia.com.br\/wp-content\/uploads\/2024\/03\/Estudio-Oune-qb6tavt0phpdli5vh1djf301adn5q9kha7b8ofrezk-768x969.webp 768w, https:\/\/domimobilia.com.br\/wp-content\/uploads\/2024\/03\/Estudio-Oune-qb6tavt0phpdli5vh1djf301adn5q9kha7b8ofrezk.webp 980w\" sizes=\"(max-width: 800px) 100vw, 800px\" \/>\t\t\t\t\t\t\t\t\t\t\t\t\t\t\t<\/div>\n\t\t\t\t<\/div>\n\t\t\t\t\t<\/div>\n\t\t<\/div>\n\t\t\t\t<div class=\"elementor-column elementor-col-50 elementor-top-column elementor-element elementor-element-28e4f701\" data-id=\"28e4f701\" data-element_type=\"column\">\n\t\t\t<div class=\"elementor-widget-wrap elementor-element-populated\">\n\t\t\t\t\t\t<div class=\"elementor-element elementor-element-1eceba3f de_scroll_animation_no elementor-invisible elementor-widget elementor-widget-text-editor\" data-id=\"1eceba3f\" data-element_type=\"widget\" data-settings=\"{&quot;_animation&quot;:&quot;fadeIn&quot;}\" data-widget_type=\"text-editor.default\">\n\t\t\t\t<div class=\"elementor-widget-container\">\n\t\t\t\t\t\t\t\t\t<p>Designers<\/p>\t\t\t\t\t\t\t\t<\/div>\n\t\t\t\t<\/div>\n\t\t\t\t<div class=\"elementor-element elementor-element-3b62fad3 elementor-widget__width-initial elementor-widget-tablet__width-initial elementor-widget-mobile__width-initial de_scroll_animation_no elementor-invisible elementor-widget elementor-widget-heading\" data-id=\"3b62fad3\" data-element_type=\"widget\" data-settings=\"{&quot;_animation&quot;:&quot;fadeIn&quot;,&quot;_animation_delay&quot;:200}\" data-widget_type=\"heading.default\">\n\t\t\t\t<div class=\"elementor-widget-container\">\n\t\t\t\t\t<h2 class=\"elementor-heading-title elementor-size-default\">Est\u00fadio Oune<\/h2>\t\t\t\t<\/div>\n\t\t\t\t<\/div>\n\t\t\t\t<div class=\"elementor-element elementor-element-f21fcd6 de_scroll_animation_no elementor-widget elementor-widget-text-editor\" data-id=\"f21fcd6\" data-element_type=\"widget\" data-widget_type=\"text-editor.default\">\n\t\t\t\t<div class=\"elementor-widget-container\">\n\t\t\t\t\t\t\t\t\t<p>Oune is an Italian-Brazilian design studio created in 2019 and formed by Giorgio Rubega, Henrique Stabile and J\u00e9ssica Marques. Oune believes in creative fluidity, as its name suggests: Oune means water in the Wapichana language.<\/p>\t\t\t\t\t\t\t\t<\/div>\n\t\t\t\t<\/div>\n\t\t\t\t\t<\/div>\n\t\t<\/div>\n\t\t\t\t\t<\/div>\n\t\t<\/section>\n\t\t\t\t<section class=\"elementor-section elementor-top-section elementor-element elementor-element-3082e577 elementor-section-boxed elementor-section-height-default elementor-section-height-default\" data-id=\"3082e577\" data-element_type=\"section\" data-settings=\"{&quot;background_background&quot;:&quot;classic&quot;}\">\n\t\t\t\t\t\t<div class=\"elementor-container elementor-column-gap-default\">\n\t\t\t\t\t<div class=\"elementor-column elementor-col-100 elementor-top-column elementor-element elementor-element-66d0b408\" data-id=\"66d0b408\" data-element_type=\"column\">\n\t\t\t<div class=\"elementor-widget-wrap elementor-element-populated\">\n\t\t\t\t\t\t<section class=\"elementor-section elementor-inner-section elementor-element elementor-element-65b2f89a elementor-section-boxed elementor-section-height-default elementor-section-height-default\" data-id=\"65b2f89a\" data-element_type=\"section\">\n\t\t\t\t\t\t<div class=\"elementor-container elementor-column-gap-default\">\n\t\t\t\t\t<div class=\"elementor-column elementor-col-50 elementor-inner-column elementor-element elementor-element-6d1a21e4\" data-id=\"6d1a21e4\" data-element_type=\"column\">\n\t\t\t<div class=\"elementor-widget-wrap elementor-element-populated\">\n\t\t\t\t\t\t<div class=\"elementor-element elementor-element-31eaf30b de_scroll_animation_no elementor-invisible elementor-widget elementor-widget-text-editor\" data-id=\"31eaf30b\" data-element_type=\"widget\" data-settings=\"{&quot;_animation&quot;:&quot;fadeIn&quot;}\" data-widget_type=\"text-editor.default\">\n\t\t\t\t<div class=\"elementor-widget-container\">\n\t\t\t\t\t\t\t\t\t<p>Signed by<\/p>\t\t\t\t\t\t\t\t<\/div>\n\t\t\t\t<\/div>\n\t\t\t\t<div class=\"elementor-element elementor-element-253667a5 de_scroll_animation_no elementor-invisible elementor-widget elementor-widget-heading\" data-id=\"253667a5\" data-element_type=\"widget\" data-settings=\"{&quot;_animation&quot;:&quot;fadeIn&quot;,&quot;_animation_delay&quot;:200}\" data-widget_type=\"heading.default\">\n\t\t\t\t<div class=\"elementor-widget-container\">\n\t\t\t\t\t<h2 class=\"elementor-heading-title elementor-size-default\">Est\u00fadio Oune<\/h2>\t\t\t\t<\/div>\n\t\t\t\t<\/div>\n\t\t\t\t\t<\/div>\n\t\t<\/div>\n\t\t\t\t<div class=\"elementor-column elementor-col-50 elementor-inner-column elementor-element elementor-element-252590d0\" data-id=\"252590d0\" data-element_type=\"column\">\n\t\t\t<div class=\"elementor-widget-wrap\">\n\t\t\t\t\t\t\t<\/div>\n\t\t<\/div>\n\t\t\t\t\t<\/div>\n\t\t<\/section>\n\t\t\t\t<div class=\"elementor-element elementor-element-51fc181 de_scroll_animation_no elementor-invisible elementor-widget elementor-widget-dethemekit-img-gallery\" data-id=\"51fc181\" data-element_type=\"widget\" data-settings=\"{&quot;_animation&quot;:&quot;fadeIn&quot;,&quot;_animation_delay&quot;:400}\" data-widget_type=\"dethemekit-img-gallery.default\">\n\t\t\t\t<div class=\"elementor-widget-container\">\n\t\t\t\t\t\r\n\t<div class=\"dethemekit-img-gallery-no-lightbox dethemekit-img-gallery dethemekit-img-gallery-fitRows zoomin\" id=\"dethemekit-img-gallery-51fc181\">\r\n\t\t\r\n\t\t<div class=\"dethemekit-gallery-container\" data-settings=\"{&quot;img_size&quot;:&quot;fitRows&quot;,&quot;filter&quot;:&quot;&quot;,&quot;theme&quot;:null,&quot;active_cat&quot;:&quot;*&quot;,&quot;ltr_mode&quot;:true,&quot;shuffle&quot;:false,&quot;sort_by&quot;:&quot;original-order&quot;,&quot;skin&quot;:&quot;default&quot;}\">\r\n\r\n\t\t\t\t\t\t\t<div class=\"dethemekit-gallery-item elementor-repeater-item-0500e3c poltronas assinadas\">\r\n\t\t\t\t<div class=\"pa-gallery-img default\" onclick=\"\">\r\n\t\t\t\t\t<div class=\"pa-gallery-img-container\">\r\n\t\t\t\t\t\t\r\n\t\t<img decoding=\"async\" class=\"pa-gallery-image\" src=\"https:\/\/domimobilia.com.br\/wp-content\/uploads\/2024\/03\/domi-estofados-linha-betty-15-e1711593008132-1024x972.webp\" alt=\"domi-estofados-linha-betty (15)\">\r\n\t\t\t\t\t\t\t<\/div>\r\n\t\t\t\t\t\t\t\t\t\t\t\t<div class=\"pa-gallery-icons-wrapper\">\r\n\t\t\t\t\t\t\t\t<div class=\"pa-gallery-icons-inner-container\">\r\n\t\t\t\t\t\t\t\t\t\t\t\t\t\t\t\t\t<\/div>\r\n\t\t\t\t\t\t\t<\/div>\r\n\t\t\t\t\t\t\t\t\t\t<div class=\"dethemekit-gallery-caption\">\r\n\r\n\t\t\t\t\t\t\t\t\t<span class=\"dethemekit-gallery-img-name\">Betty<\/span>\r\n\t\t\t\t\t\t\t\t\t\t<p class=\"dethemekit-gallery-img-desc\">Est\u00fadio Oune<\/p>\r\n\t\t\t\t\r\n\t\t\t<\/div>\r\n\t\t\t\t\t\t\t\t\t\t\t<a class=\"pa-gallery-whole-link\" href=\"https:\/\/domimobilia.com.br\/en\/collections\/betty\/\" ><\/a>\r\n\r\n\t\t\t\t\t\t\t\t\t\t\t<\/div>\r\n\t\t\t<\/div>\r\n\t\t\t\t\t\t\t<div class=\"dethemekit-gallery-item elementor-repeater-item-eb4cd2c poltronas assinadas\">\r\n\t\t\t\t<div class=\"pa-gallery-img default\" onclick=\"\">\r\n\t\t\t\t\t<div class=\"pa-gallery-img-container\">\r\n\t\t\t\t\t\t\r\n\t\t<img decoding=\"async\" class=\"pa-gallery-image\" src=\"https:\/\/domimobilia.com.br\/wp-content\/uploads\/2024\/03\/domi-estofados-linha-bogota-19-e1711593066859-1024x888.webp\" alt=\"domi-estofados-linha-bogota (19)\">\r\n\t\t\t\t\t\t\t<\/div>\r\n\t\t\t\t\t\t\t\t\t\t\t\t<div class=\"pa-gallery-icons-wrapper\">\r\n\t\t\t\t\t\t\t\t<div class=\"pa-gallery-icons-inner-container\">\r\n\t\t\t\t\t\t\t\t\t\t\t\t\t\t\t\t\t<\/div>\r\n\t\t\t\t\t\t\t<\/div>\r\n\t\t\t\t\t\t\t\t\t\t<div class=\"dethemekit-gallery-caption\">\r\n\r\n\t\t\t\t\t\t\t\t\t<span class=\"dethemekit-gallery-img-name\">Bogot\u00e1<\/span>\r\n\t\t\t\t\t\t\t\t\t\t<p class=\"dethemekit-gallery-img-desc\">Est\u00fadio Oune<\/p>\r\n\t\t\t\t\r\n\t\t\t<\/div>\r\n\t\t\t\t\t\t\t\t\t\t\t<a class=\"pa-gallery-whole-link\" href=\"https:\/\/domimobilia.com.br\/en\/collections\/bogota\/\" ><\/a>\r\n\r\n\t\t\t\t\t\t\t\t\t\t\t<\/div>\r\n\t\t\t<\/div>\r\n\t\t\t\t\t<\/div>\r\n\r\n\t\t\r\n\t<\/div>\r\n\r\n\t\t\r\n\t\t\r\n\t\t\t\t\t\t<\/div>\n\t\t\t\t<\/div>\n\t\t\t\t\t<\/div>\n\t\t<\/div>\n\t\t\t\t\t<\/div>\n\t\t<\/section>\n\t\t\t\t<section class=\"elementor-section elementor-top-section elementor-element elementor-element-1ad10b1 elementor-section-height-full elementor-section-boxed elementor-section-height-default elementor-section-items-middle\" data-id=\"1ad10b1\" data-element_type=\"section\" data-settings=\"{&quot;background_background&quot;:&quot;classic&quot;}\">\n\t\t\t\t\t\t<div class=\"elementor-container elementor-column-gap-default\">\n\t\t\t\t\t<div class=\"elementor-column elementor-col-100 elementor-top-column elementor-element elementor-element-db2fb75 elementor-invisible\" data-id=\"db2fb75\" data-element_type=\"column\" data-settings=\"{&quot;background_background&quot;:&quot;classic&quot;,&quot;animation&quot;:&quot;fadeIn&quot;}\">\n\t\t\t<div class=\"elementor-widget-wrap elementor-element-populated\">\n\t\t\t\t\t\t<div class=\"elementor-element elementor-element-136c23a de_scroll_animation_no elementor-widget elementor-widget-image\" data-id=\"136c23a\" data-element_type=\"widget\" data-widget_type=\"image.default\">\n\t\t\t\t<div class=\"elementor-widget-container\">\n\t\t\t\t\t\t\t\t\t\t\t\t\t\t\t<img decoding=\"async\" width=\"150\" height=\"150\" src=\"https:\/\/domimobilia.com.br\/wp-content\/uploads\/2024\/03\/Domi-Estofados-Favicon-150x150.webp\" class=\"attachment-thumbnail size-thumbnail wp-image-363\" alt=\"\" srcset=\"https:\/\/domimobilia.com.br\/wp-content\/uploads\/2024\/03\/Domi-Estofados-Favicon-150x150.webp 150w, https:\/\/domimobilia.com.br\/wp-content\/uploads\/2024\/03\/Domi-Estofados-Favicon-300x300.webp 300w, https:\/\/domimobilia.com.br\/wp-content\/uploads\/2024\/03\/Domi-Estofados-Favicon-1021x1024.webp 1021w, https:\/\/domimobilia.com.br\/wp-content\/uploads\/2024\/03\/Domi-Estofados-Favicon-768x770.webp 768w, https:\/\/domimobilia.com.br\/wp-content\/uploads\/2024\/03\/Domi-Estofados-Favicon.webp 1438w\" sizes=\"(max-width: 150px) 100vw, 150px\" \/>\t\t\t\t\t\t\t\t\t\t\t\t\t\t\t<\/div>\n\t\t\t\t<\/div>\n\t\t\t\t<div class=\"elementor-element elementor-element-d3ab4a3 de_scroll_animation_no elementor-widget elementor-widget-text-editor\" data-id=\"d3ab4a3\" data-element_type=\"widget\" data-widget_type=\"text-editor.default\">\n\t\t\t\t<div class=\"elementor-widget-container\">\n\t\t\t\t\t\t\t\t\t<p>DOMI FORNITURE<\/p>\t\t\t\t\t\t\t\t<\/div>\n\t\t\t\t<\/div>\n\t\t\t\t<div class=\"elementor-element elementor-element-d316142 de_scroll_animation_no elementor-widget elementor-widget-heading\" data-id=\"d316142\" data-element_type=\"widget\" data-widget_type=\"heading.default\">\n\t\t\t\t<div class=\"elementor-widget-container\">\n\t\t\t\t\t<h2 class=\"elementor-heading-title elementor-size-default\">Design, Comfort<br>and Sophistication<\/h2>\t\t\t\t<\/div>\n\t\t\t\t<\/div>\n\t\t\t\t<div class=\"elementor-element elementor-element-bac4657 elementor-widget-divider--view-line de_scroll_animation_no elementor-invisible elementor-widget elementor-widget-divider\" data-id=\"bac4657\" data-element_type=\"widget\" data-settings=\"{&quot;_animation&quot;:&quot;fadeIn&quot;,&quot;_animation_delay&quot;:500}\" data-widget_type=\"divider.default\">\n\t\t\t\t<div class=\"elementor-widget-container\">\n\t\t\t\t\t\t\t<div class=\"elementor-divider\">\n\t\t\t<span class=\"elementor-divider-separator\">\n\t\t\t\t\t\t<\/span>\n\t\t<\/div>\n\t\t\t\t\t\t<\/div>\n\t\t\t\t<\/div>\n\t\t\t\t<div class=\"elementor-element elementor-element-1ae6cae de_scroll_animation_no elementor-widget elementor-widget-text-editor\" data-id=\"1ae6cae\" data-element_type=\"widget\" data-widget_type=\"text-editor.default\">\n\t\t\t\t<div class=\"elementor-widget-container\">\n\t\t\t\t\t\t\t\t\t<p>From the initial outlines of each idea, to the manufacturing of each piece of furniture, we are in constant search for the authenticity and sophistication of the details of each piece. Marked by a lot of effort from everyone involved, we evolve day after day to reach the state of the art.<\/p>\t\t\t\t\t\t\t\t<\/div>\n\t\t\t\t<\/div>\n\t\t\t\t<div class=\"elementor-element elementor-element-596973f elementor-align-left elementor-mobile-align-left de_scroll_animation_no elementor-invisible elementor-widget elementor-widget-button\" data-id=\"596973f\" data-element_type=\"widget\" data-settings=\"{&quot;_animation&quot;:&quot;fadeIn&quot;,&quot;_animation_delay&quot;:400}\" data-widget_type=\"button.default\">\n\t\t\t\t<div class=\"elementor-widget-container\">\n\t\t\t\t\t\t\t\t\t<div class=\"elementor-button-wrapper\">\n\t\t\t\t\t<a class=\"elementor-button elementor-button-link elementor-size-sm\" href=\"https:\/\/domimobilia.com.br\/en\/catalog\/\">\n\t\t\t\t\t\t<span class=\"elementor-button-content-wrapper\">\n\t\t\t\t\t\t\t\t\t<span class=\"elementor-button-text\">ACCESS CATALOG<\/span>\n\t\t\t\t\t<\/span>\n\t\t\t\t\t<\/a>\n\t\t\t\t<\/div>\n\t\t\t\t\t\t\t\t<\/div>\n\t\t\t\t<\/div>\n\t\t\t\t\t<\/div>\n\t\t<\/div>\n\t\t\t\t\t<\/div>\n\t\t<\/section>\n\t\t\t\t<\/div>","protected":false},"excerpt":{"rendered":"<p>Est\u00fadio Oune Home Designers Designers Est\u00fadio Oune A Oune \u00e9 um est\u00fadio \u00edtalo-brasileiro de design criado em 2019 e formado por Giorgio Rubega, Henrique Stabile e J\u00e9ssica Marques. A Oune acredita em fluidez criativa, como seu pr\u00f3prio nome sugere: Oune significa \u00e1gua na l\u00edngua Wapichana. assinados por Est\u00fadio Oune Betty Est\u00fadio Oune Bogot\u00e1 Est\u00fadio Oune [&hellip;]<\/p>","protected":false},"author":1,"featured_media":0,"parent":231,"menu_order":0,"comment_status":"closed","ping_status":"closed","template":"elementor_header_footer","meta":{"_joinchat":[],"footnotes":""},"class_list":["post-249","page","type-page","status-publish","hentry"],"_links":{"self":[{"href":"https:\/\/domimobilia.com.br\/en\/wp-json\/wp\/v2\/pages\/249","targetHints":{"allow":["GET"]}}],"collection":[{"href":"https:\/\/domimobilia.com.br\/en\/wp-json\/wp\/v2\/pages"}],"about":[{"href":"https:\/\/domimobilia.com.br\/en\/wp-json\/wp\/v2\/types\/page"}],"author":[{"embeddable":true,"href":"https:\/\/domimobilia.com.br\/en\/wp-json\/wp\/v2\/users\/1"}],"replies":[{"embeddable":true,"href":"https:\/\/domimobilia.com.br\/en\/wp-json\/wp\/v2\/comments?post=249"}],"version-history":[{"count":0,"href":"https:\/\/domimobilia.com.br\/en\/wp-json\/wp\/v2\/pages\/249\/revisions"}],"up":[{"embeddable":true,"href":"https:\/\/domimobilia.com.br\/en\/wp-json\/wp\/v2\/pages\/231"}],"wp:attachment":[{"href":"https:\/\/domimobilia.com.br\/en\/wp-json\/wp\/v2\/media?parent=249"}],"curies":[{"name":"wp","href":"https:\/\/api.w.org\/{rel}","templated":true}]}}