{"id":243,"date":"2024-03-27T20:39:50","date_gmt":"2024-03-27T20:39:50","guid":{"rendered":"https:\/\/domimobilia.com.br\/rubens-ferreira\/"},"modified":"2024-03-28T04:53:37","modified_gmt":"2024-03-28T04:53:37","slug":"rubensferreira","status":"publish","type":"page","link":"https:\/\/domimobilia.com.br\/en\/designers\/rubensferreira\/","title":{"rendered":"Rubens Ferreira"},"content":{"rendered":"<div data-elementor-type=\"wp-page\" data-elementor-id=\"243\" class=\"elementor elementor-243\" data-elementor-post-type=\"page\">\n\t\t\t\t\t\t<section class=\"elementor-section elementor-top-section elementor-element elementor-element-6d810d74 elementor-section-height-min-height elementor-section-boxed elementor-section-height-default elementor-section-items-middle\" data-id=\"6d810d74\" data-element_type=\"section\" data-settings=\"{&quot;background_background&quot;:&quot;classic&quot;}\">\n\t\t\t\t\t\t\t<div class=\"elementor-background-overlay\"><\/div>\n\t\t\t\t\t\t\t<div class=\"elementor-container elementor-column-gap-default\">\n\t\t\t\t\t<div class=\"elementor-column elementor-col-100 elementor-top-column elementor-element elementor-element-4ba86800\" data-id=\"4ba86800\" data-element_type=\"column\">\n\t\t\t<div class=\"elementor-widget-wrap elementor-element-populated\">\n\t\t\t\t\t\t<div class=\"elementor-element elementor-element-51dd28e7 de_scroll_animation_no elementor-invisible elementor-widget elementor-widget-heading\" data-id=\"51dd28e7\" data-element_type=\"widget\" data-settings=\"{&quot;_animation&quot;:&quot;fadeIn&quot;}\" data-widget_type=\"heading.default\">\n\t\t\t\t<div class=\"elementor-widget-container\">\n\t\t\t\t\t<h2 class=\"elementor-heading-title elementor-size-default\">Rubens Ferreira<\/h2>\t\t\t\t<\/div>\n\t\t\t\t<\/div>\n\t\t\t\t<div class=\"elementor-element elementor-element-31409804 elementor-icon-list--layout-inline elementor-align-center elementor-list-item-link-full_width de_scroll_animation_no elementor-invisible elementor-widget elementor-widget-icon-list\" data-id=\"31409804\" data-element_type=\"widget\" data-settings=\"{&quot;_animation&quot;:&quot;fadeIn&quot;,&quot;_animation_delay&quot;:200}\" data-widget_type=\"icon-list.default\">\n\t\t\t\t<div class=\"elementor-widget-container\">\n\t\t\t\t\t\t\t<ul class=\"elementor-icon-list-items elementor-inline-items\">\n\t\t\t\t\t\t\t<li class=\"elementor-icon-list-item elementor-inline-item\">\n\t\t\t\t\t\t\t\t\t\t\t<a href=\"#\">\n\n\t\t\t\t\t\t\t\t\t\t\t<span class=\"elementor-icon-list-text\">Home<\/span>\n\t\t\t\t\t\t\t\t\t\t\t<\/a>\n\t\t\t\t\t\t\t\t\t<\/li>\n\t\t\t\t\t\t\t\t<li class=\"elementor-icon-list-item elementor-inline-item\">\n\t\t\t\t\t\t\t\t\t\t\t<span class=\"elementor-icon-list-icon\">\n\t\t\t\t\t\t\t<i aria-hidden=\"true\" class=\"icon icon-right-arrow1\"><\/i>\t\t\t\t\t\t<\/span>\n\t\t\t\t\t\t\t\t\t\t<span class=\"elementor-icon-list-text\">Designers<\/span>\n\t\t\t\t\t\t\t\t\t<\/li>\n\t\t\t\t\t\t<\/ul>\n\t\t\t\t\t\t<\/div>\n\t\t\t\t<\/div>\n\t\t\t\t\t<\/div>\n\t\t<\/div>\n\t\t\t\t\t<\/div>\n\t\t<\/section>\n\t\t\t\t<section class=\"elementor-section elementor-top-section elementor-element elementor-element-50d8c47f elementor-section-boxed elementor-section-height-default elementor-section-height-default\" data-id=\"50d8c47f\" data-element_type=\"section\">\n\t\t\t\t\t\t<div class=\"elementor-container elementor-column-gap-default\">\n\t\t\t\t\t<div class=\"elementor-column elementor-col-50 elementor-top-column elementor-element elementor-element-2344a1ca\" data-id=\"2344a1ca\" data-element_type=\"column\">\n\t\t\t<div class=\"elementor-widget-wrap elementor-element-populated\">\n\t\t\t\t\t\t<div class=\"elementor-element elementor-element-65c879d8 de_scroll_animation_no elementor-invisible elementor-widget elementor-widget-image\" data-id=\"65c879d8\" data-element_type=\"widget\" data-settings=\"{&quot;_animation&quot;:&quot;fadeIn&quot;}\" data-widget_type=\"image.default\">\n\t\t\t\t<div class=\"elementor-widget-container\">\n\t\t\t\t\t\t\t\t\t\t\t\t\t\t\t<img fetchpriority=\"high\" decoding=\"async\" width=\"800\" height=\"1009\" src=\"https:\/\/domimobilia.com.br\/wp-content\/uploads\/2024\/03\/Rubens-Ferreira-Designer-1-812x1024.webp\" class=\"attachment-large size-large wp-image-153\" alt=\"\" srcset=\"https:\/\/domimobilia.com.br\/wp-content\/uploads\/2024\/03\/Rubens-Ferreira-Designer-1-812x1024.webp 812w, https:\/\/domimobilia.com.br\/wp-content\/uploads\/2024\/03\/Rubens-Ferreira-Designer-1-238x300.webp 238w, https:\/\/domimobilia.com.br\/wp-content\/uploads\/2024\/03\/Rubens-Ferreira-Designer-1-768x969.webp 768w, https:\/\/domimobilia.com.br\/wp-content\/uploads\/2024\/03\/Rubens-Ferreira-Designer-1.webp 980w\" sizes=\"(max-width: 800px) 100vw, 800px\" \/>\t\t\t\t\t\t\t\t\t\t\t\t\t\t\t<\/div>\n\t\t\t\t<\/div>\n\t\t\t\t\t<\/div>\n\t\t<\/div>\n\t\t\t\t<div class=\"elementor-column elementor-col-50 elementor-top-column elementor-element elementor-element-cbc7326\" data-id=\"cbc7326\" data-element_type=\"column\">\n\t\t\t<div class=\"elementor-widget-wrap elementor-element-populated\">\n\t\t\t\t\t\t<div class=\"elementor-element elementor-element-575c3d9f de_scroll_animation_no elementor-invisible elementor-widget elementor-widget-text-editor\" data-id=\"575c3d9f\" data-element_type=\"widget\" data-settings=\"{&quot;_animation&quot;:&quot;fadeIn&quot;}\" data-widget_type=\"text-editor.default\">\n\t\t\t\t<div class=\"elementor-widget-container\">\n\t\t\t\t\t\t\t\t\t<p>Designer<\/p>\t\t\t\t\t\t\t\t<\/div>\n\t\t\t\t<\/div>\n\t\t\t\t<div class=\"elementor-element elementor-element-5e4542b4 elementor-widget__width-initial elementor-widget-tablet__width-initial elementor-widget-mobile__width-initial de_scroll_animation_no elementor-invisible elementor-widget elementor-widget-heading\" data-id=\"5e4542b4\" data-element_type=\"widget\" data-settings=\"{&quot;_animation&quot;:&quot;fadeIn&quot;,&quot;_animation_delay&quot;:200}\" data-widget_type=\"heading.default\">\n\t\t\t\t<div class=\"elementor-widget-container\">\n\t\t\t\t\t<h2 class=\"elementor-heading-title elementor-size-default\">Rubens Ferreira<\/h2>\t\t\t\t<\/div>\n\t\t\t\t<\/div>\n\t\t\t\t<div class=\"elementor-element elementor-element-5bc8113a de_scroll_animation_no elementor-widget elementor-widget-text-editor\" data-id=\"5bc8113a\" data-element_type=\"widget\" data-widget_type=\"text-editor.default\">\n\t\t\t\t<div class=\"elementor-widget-container\">\n\t\t\t\t\t\t\t\t\t<p>Designo was born in 2001 driven by the passion for creating. Since then, it has grown alongside clients interested in innovating and embracing new challenges. The partnerships were extremely fruitful, jumping head first into each project. They have always sought to increase market knowledge in order to generate new growth opportunities. They then created a solid bond with each partner thanks to the good results. The consolidated history is based on the desire to create, the latent desire to innovate and the passion for art, which is the essence of Designo.<\/p>\t\t\t\t\t\t\t\t<\/div>\n\t\t\t\t<\/div>\n\t\t\t\t\t<\/div>\n\t\t<\/div>\n\t\t\t\t\t<\/div>\n\t\t<\/section>\n\t\t\t\t<section class=\"elementor-section elementor-top-section elementor-element elementor-element-2de2a20b elementor-section-boxed elementor-section-height-default elementor-section-height-default\" data-id=\"2de2a20b\" data-element_type=\"section\" data-settings=\"{&quot;background_background&quot;:&quot;classic&quot;}\">\n\t\t\t\t\t\t<div class=\"elementor-container elementor-column-gap-default\">\n\t\t\t\t\t<div class=\"elementor-column elementor-col-100 elementor-top-column elementor-element elementor-element-460aa822\" data-id=\"460aa822\" data-element_type=\"column\">\n\t\t\t<div class=\"elementor-widget-wrap elementor-element-populated\">\n\t\t\t\t\t\t<section class=\"elementor-section elementor-inner-section elementor-element elementor-element-34e267af elementor-section-boxed elementor-section-height-default elementor-section-height-default\" data-id=\"34e267af\" data-element_type=\"section\">\n\t\t\t\t\t\t<div class=\"elementor-container elementor-column-gap-default\">\n\t\t\t\t\t<div class=\"elementor-column elementor-col-50 elementor-inner-column elementor-element elementor-element-2d851ec\" data-id=\"2d851ec\" data-element_type=\"column\">\n\t\t\t<div class=\"elementor-widget-wrap elementor-element-populated\">\n\t\t\t\t\t\t<div class=\"elementor-element elementor-element-e08adda de_scroll_animation_no elementor-invisible elementor-widget elementor-widget-text-editor\" data-id=\"e08adda\" data-element_type=\"widget\" data-settings=\"{&quot;_animation&quot;:&quot;fadeIn&quot;}\" data-widget_type=\"text-editor.default\">\n\t\t\t\t<div class=\"elementor-widget-container\">\n\t\t\t\t\t\t\t\t\t<p>Signed by<\/p>\t\t\t\t\t\t\t\t<\/div>\n\t\t\t\t<\/div>\n\t\t\t\t<div class=\"elementor-element elementor-element-3ea8a5c5 de_scroll_animation_no elementor-invisible elementor-widget elementor-widget-heading\" data-id=\"3ea8a5c5\" data-element_type=\"widget\" data-settings=\"{&quot;_animation&quot;:&quot;fadeIn&quot;,&quot;_animation_delay&quot;:200}\" data-widget_type=\"heading.default\">\n\t\t\t\t<div class=\"elementor-widget-container\">\n\t\t\t\t\t<h2 class=\"elementor-heading-title elementor-size-default\">Rubens Ferreira<\/h2>\t\t\t\t<\/div>\n\t\t\t\t<\/div>\n\t\t\t\t\t<\/div>\n\t\t<\/div>\n\t\t\t\t<div class=\"elementor-column elementor-col-50 elementor-inner-column elementor-element elementor-element-18a4a45d\" data-id=\"18a4a45d\" data-element_type=\"column\">\n\t\t\t<div class=\"elementor-widget-wrap\">\n\t\t\t\t\t\t\t<\/div>\n\t\t<\/div>\n\t\t\t\t\t<\/div>\n\t\t<\/section>\n\t\t\t\t<div class=\"elementor-element elementor-element-4530a2e de_scroll_animation_no elementor-invisible elementor-widget elementor-widget-dethemekit-img-gallery\" data-id=\"4530a2e\" data-element_type=\"widget\" data-settings=\"{&quot;_animation&quot;:&quot;fadeIn&quot;,&quot;_animation_delay&quot;:400}\" data-widget_type=\"dethemekit-img-gallery.default\">\n\t\t\t\t<div class=\"elementor-widget-container\">\n\t\t\t\t\t\r\n\t<div class=\"dethemekit-img-gallery-no-lightbox dethemekit-img-gallery dethemekit-img-gallery-fitRows zoomin\" id=\"dethemekit-img-gallery-4530a2e\">\r\n\t\t\r\n\t\t<div class=\"dethemekit-gallery-container\" data-settings=\"{&quot;img_size&quot;:&quot;fitRows&quot;,&quot;filter&quot;:&quot;&quot;,&quot;theme&quot;:null,&quot;active_cat&quot;:&quot;*&quot;,&quot;ltr_mode&quot;:true,&quot;shuffle&quot;:false,&quot;sort_by&quot;:&quot;original-order&quot;,&quot;skin&quot;:&quot;default&quot;}\">\r\n\r\n\t\t\t\t\t\t\t<div class=\"dethemekit-gallery-item elementor-repeater-item-c50c473 assinadas poltronas\">\r\n\t\t\t\t<div class=\"pa-gallery-img default\" onclick=\"\">\r\n\t\t\t\t\t<div class=\"pa-gallery-img-container\">\r\n\t\t\t\t\t\t\r\n\t\t<img decoding=\"async\" class=\"pa-gallery-image\" src=\"https:\/\/domimobilia.com.br\/wp-content\/uploads\/2024\/03\/domi-estofados-linha-dixie-34-e1711600917940-1024x962.webp\" alt=\"domi-estofados-linha-dixie (34)\">\r\n\t\t\t\t\t\t\t<\/div>\r\n\t\t\t\t\t\t\t\t\t\t\t\t<div class=\"pa-gallery-icons-wrapper\">\r\n\t\t\t\t\t\t\t\t<div class=\"pa-gallery-icons-inner-container\">\r\n\t\t\t\t\t\t\t\t\t\t\t\t\t\t\t\t\t<\/div>\r\n\t\t\t\t\t\t\t<\/div>\r\n\t\t\t\t\t\t\t\t\t\t<div class=\"dethemekit-gallery-caption\">\r\n\r\n\t\t\t\t\t\t\t\t\t<span class=\"dethemekit-gallery-img-name\">Dixie<\/span>\r\n\t\t\t\t\t\t\t\t\t\t<p class=\"dethemekit-gallery-img-desc\">Rubens Ferreira<\/p>\r\n\t\t\t\t\r\n\t\t\t<\/div>\r\n\t\t\t\t\t\t\t\t\t\t\t<a class=\"pa-gallery-whole-link\" href=\"https:\/\/domimobilia.com.br\/en\/collections\/dixie\/\" ><\/a>\r\n\r\n\t\t\t\t\t\t\t\t\t\t\t<\/div>\r\n\t\t\t<\/div>\r\n\t\t\t\t\t\t\t<div class=\"dethemekit-gallery-item elementor-repeater-item-632bf1e poltronas assinadas\">\r\n\t\t\t\t<div class=\"pa-gallery-img default\" onclick=\"\">\r\n\t\t\t\t\t<div class=\"pa-gallery-img-container\">\r\n\t\t\t\t\t\t\r\n\t\t<img decoding=\"async\" class=\"pa-gallery-image\" src=\"https:\/\/domimobilia.com.br\/wp-content\/uploads\/2024\/03\/domi-estofados-linha-charlote-165-e1711593139579-1024x799.webp\" alt=\"domi-estofados-linha-charlote (165)\">\r\n\t\t\t\t\t\t\t<\/div>\r\n\t\t\t\t\t\t\t\t\t\t\t\t<div class=\"pa-gallery-icons-wrapper\">\r\n\t\t\t\t\t\t\t\t<div class=\"pa-gallery-icons-inner-container\">\r\n\t\t\t\t\t\t\t\t\t\t\t\t\t\t\t\t\t<\/div>\r\n\t\t\t\t\t\t\t<\/div>\r\n\t\t\t\t\t\t\t\t\t\t<div class=\"dethemekit-gallery-caption\">\r\n\r\n\t\t\t\t\t\t\t\t\t<span class=\"dethemekit-gallery-img-name\">Charlote<\/span>\r\n\t\t\t\t\t\t\t\t\t\t<p class=\"dethemekit-gallery-img-desc\">Rubens Ferreira<\/p>\r\n\t\t\t\t\r\n\t\t\t<\/div>\r\n\t\t\t\t\t\t\t\t\t\t\t<a class=\"pa-gallery-whole-link\" href=\"https:\/\/domimobilia.com.br\/en\/collections\/charlote\/\" ><\/a>\r\n\r\n\t\t\t\t\t\t\t\t\t\t\t<\/div>\r\n\t\t\t<\/div>\r\n\t\t\t\t\t<\/div>\r\n\r\n\t\t\r\n\t<\/div>\r\n\r\n\t\t\r\n\t\t\r\n\t\t\t\t\t\t<\/div>\n\t\t\t\t<\/div>\n\t\t\t\t\t<\/div>\n\t\t<\/div>\n\t\t\t\t\t<\/div>\n\t\t<\/section>\n\t\t\t\t<section class=\"elementor-section elementor-top-section elementor-element elementor-element-a0b0a18 elementor-section-height-full elementor-section-boxed elementor-section-height-default elementor-section-items-middle\" data-id=\"a0b0a18\" data-element_type=\"section\" data-settings=\"{&quot;background_background&quot;:&quot;classic&quot;}\">\n\t\t\t\t\t\t<div class=\"elementor-container elementor-column-gap-default\">\n\t\t\t\t\t<div class=\"elementor-column elementor-col-100 elementor-top-column elementor-element elementor-element-4cc0367 elementor-invisible\" data-id=\"4cc0367\" data-element_type=\"column\" data-settings=\"{&quot;background_background&quot;:&quot;classic&quot;,&quot;animation&quot;:&quot;fadeIn&quot;}\">\n\t\t\t<div class=\"elementor-widget-wrap elementor-element-populated\">\n\t\t\t\t\t\t<div class=\"elementor-element elementor-element-0839e5c de_scroll_animation_no elementor-widget elementor-widget-image\" data-id=\"0839e5c\" data-element_type=\"widget\" data-widget_type=\"image.default\">\n\t\t\t\t<div class=\"elementor-widget-container\">\n\t\t\t\t\t\t\t\t\t\t\t\t\t\t\t<img decoding=\"async\" width=\"150\" height=\"150\" src=\"https:\/\/domimobilia.com.br\/wp-content\/uploads\/2024\/03\/Domi-Estofados-Favicon-150x150.webp\" class=\"attachment-thumbnail size-thumbnail wp-image-363\" alt=\"\" srcset=\"https:\/\/domimobilia.com.br\/wp-content\/uploads\/2024\/03\/Domi-Estofados-Favicon-150x150.webp 150w, https:\/\/domimobilia.com.br\/wp-content\/uploads\/2024\/03\/Domi-Estofados-Favicon-300x300.webp 300w, https:\/\/domimobilia.com.br\/wp-content\/uploads\/2024\/03\/Domi-Estofados-Favicon-1021x1024.webp 1021w, https:\/\/domimobilia.com.br\/wp-content\/uploads\/2024\/03\/Domi-Estofados-Favicon-768x770.webp 768w, https:\/\/domimobilia.com.br\/wp-content\/uploads\/2024\/03\/Domi-Estofados-Favicon.webp 1438w\" sizes=\"(max-width: 150px) 100vw, 150px\" \/>\t\t\t\t\t\t\t\t\t\t\t\t\t\t\t<\/div>\n\t\t\t\t<\/div>\n\t\t\t\t<div class=\"elementor-element elementor-element-1b522eb de_scroll_animation_no elementor-widget elementor-widget-text-editor\" data-id=\"1b522eb\" data-element_type=\"widget\" data-widget_type=\"text-editor.default\">\n\t\t\t\t<div class=\"elementor-widget-container\">\n\t\t\t\t\t\t\t\t\t<p>DOMI FORNITURE<\/p>\t\t\t\t\t\t\t\t<\/div>\n\t\t\t\t<\/div>\n\t\t\t\t<div class=\"elementor-element elementor-element-b2c4ad4 de_scroll_animation_no elementor-widget elementor-widget-heading\" data-id=\"b2c4ad4\" data-element_type=\"widget\" data-widget_type=\"heading.default\">\n\t\t\t\t<div class=\"elementor-widget-container\">\n\t\t\t\t\t<h2 class=\"elementor-heading-title elementor-size-default\">Design, Comfort<br>and Sophistication<\/h2>\t\t\t\t<\/div>\n\t\t\t\t<\/div>\n\t\t\t\t<div class=\"elementor-element elementor-element-f42cb4b elementor-widget-divider--view-line de_scroll_animation_no elementor-invisible elementor-widget elementor-widget-divider\" data-id=\"f42cb4b\" data-element_type=\"widget\" data-settings=\"{&quot;_animation&quot;:&quot;fadeIn&quot;,&quot;_animation_delay&quot;:500}\" data-widget_type=\"divider.default\">\n\t\t\t\t<div class=\"elementor-widget-container\">\n\t\t\t\t\t\t\t<div class=\"elementor-divider\">\n\t\t\t<span class=\"elementor-divider-separator\">\n\t\t\t\t\t\t<\/span>\n\t\t<\/div>\n\t\t\t\t\t\t<\/div>\n\t\t\t\t<\/div>\n\t\t\t\t<div class=\"elementor-element elementor-element-61c80c4 de_scroll_animation_no elementor-widget elementor-widget-text-editor\" data-id=\"61c80c4\" data-element_type=\"widget\" data-widget_type=\"text-editor.default\">\n\t\t\t\t<div class=\"elementor-widget-container\">\n\t\t\t\t\t\t\t\t\t<p>From the initial outlines of each idea, to the manufacturing of each piece of furniture, we are in constant search for the authenticity and sophistication of the details of each piece. Marked by a lot of effort from everyone involved, we evolve day after day to reach the state of the art.<\/p>\t\t\t\t\t\t\t\t<\/div>\n\t\t\t\t<\/div>\n\t\t\t\t<div class=\"elementor-element elementor-element-1686610 elementor-align-left elementor-mobile-align-left de_scroll_animation_no elementor-invisible elementor-widget elementor-widget-button\" data-id=\"1686610\" data-element_type=\"widget\" data-settings=\"{&quot;_animation&quot;:&quot;fadeIn&quot;,&quot;_animation_delay&quot;:400}\" data-widget_type=\"button.default\">\n\t\t\t\t<div class=\"elementor-widget-container\">\n\t\t\t\t\t\t\t\t\t<div class=\"elementor-button-wrapper\">\n\t\t\t\t\t<a class=\"elementor-button elementor-button-link elementor-size-sm\" href=\"https:\/\/domimobilia.com.br\/en\/catalog\/\">\n\t\t\t\t\t\t<span class=\"elementor-button-content-wrapper\">\n\t\t\t\t\t\t\t\t\t<span class=\"elementor-button-text\">ACCESS CATALOG<\/span>\n\t\t\t\t\t<\/span>\n\t\t\t\t\t<\/a>\n\t\t\t\t<\/div>\n\t\t\t\t\t\t\t\t<\/div>\n\t\t\t\t<\/div>\n\t\t\t\t\t<\/div>\n\t\t<\/div>\n\t\t\t\t\t<\/div>\n\t\t<\/section>\n\t\t\t\t<\/div>","protected":false},"excerpt":{"rendered":"<p>Rubens Ferreira Home Designers Designer Rubens Ferreira A Designo nasceu em 2001 impulsionada pela paix\u00e3o por criar. Desde ent\u00e3o, cresceu ao lado de clientes interessados em inovar e abra\u00e7ar novos desafios. As parcerias foram extremamente frut\u00edferas, entrando de cabe\u00e7a em cada projeto. Buscaram sempre elevar o conhecimento de mercado de modo a gerar novas oportunidades [&hellip;]<\/p>","protected":false},"author":1,"featured_media":0,"parent":231,"menu_order":0,"comment_status":"closed","ping_status":"closed","template":"elementor_header_footer","meta":{"_joinchat":[],"footnotes":""},"class_list":["post-243","page","type-page","status-publish","hentry"],"_links":{"self":[{"href":"https:\/\/domimobilia.com.br\/en\/wp-json\/wp\/v2\/pages\/243","targetHints":{"allow":["GET"]}}],"collection":[{"href":"https:\/\/domimobilia.com.br\/en\/wp-json\/wp\/v2\/pages"}],"about":[{"href":"https:\/\/domimobilia.com.br\/en\/wp-json\/wp\/v2\/types\/page"}],"author":[{"embeddable":true,"href":"https:\/\/domimobilia.com.br\/en\/wp-json\/wp\/v2\/users\/1"}],"replies":[{"embeddable":true,"href":"https:\/\/domimobilia.com.br\/en\/wp-json\/wp\/v2\/comments?post=243"}],"version-history":[{"count":0,"href":"https:\/\/domimobilia.com.br\/en\/wp-json\/wp\/v2\/pages\/243\/revisions"}],"up":[{"embeddable":true,"href":"https:\/\/domimobilia.com.br\/en\/wp-json\/wp\/v2\/pages\/231"}],"wp:attachment":[{"href":"https:\/\/domimobilia.com.br\/en\/wp-json\/wp\/v2\/media?parent=243"}],"curies":[{"name":"wp","href":"https:\/\/api.w.org\/{rel}","templated":true}]}}